{"id":256,"date":"2021-08-21T22:27:04","date_gmt":"2021-08-21T19:27:04","guid":{"rendered":"https:\/\/piakoponen.fi\/?page_id=256"},"modified":"2026-02-25T17:21:11","modified_gmt":"2026-02-25T15:21:11","slug":"omapaja-podcast","status":"publish","type":"page","link":"https:\/\/piakoponen.fi\/?page_id=256","title":{"rendered":"Podcast"},"content":{"rendered":"<p>Teimme &#8221;T\u00f6iss\u00e4 mielell\u00e4\u00e4n&#8221; -minipodisarjaa osana Mieliteko-hanketta yhdess\u00e4 silloisen kollegani Paula Heiskasen kanssa. Ne l\u00f6yt\u00e4\u00e4 parhaiten hankkeen omilta verkkosivuilta, mutta my\u00f6s YouTubesta ja Spotifysta nimell\u00e4 &#8221;T\u00f6iss\u00e4 mielell\u00e4\u00e4n&#8221;.<\/p>\n<p>Mukana on my\u00f6s muutamia ohjattuja harjoituksia, jotka hy\u00f6dynt\u00e4v\u00e4t NLP-tekniikoita ja palautumisvalmennuksen parhaita paloja.<\/p>\n<p>***<\/p>\n<p>Em\u00e4nn\u00f6in Omapaja Podcastia vuosina 2020-2022.<\/p>\n<p>Vuoden 2020 aikana k\u00e4sittelimme tulevaisuuden ty\u00f6el\u00e4m\u00e4taitoja liittyen mm. palautumiseen, ty\u00f6hakuun ja yritt\u00e4jyyteen. Vuonna 2021 k\u00e4\u00e4nsimme katseemme erityisesti itsens\u00e4johtamisen taitoihin, kevytyritt\u00e4jyyteen, menestyksen avaimiin ja nostamme entist\u00e4 enemm\u00e4n erilaisia osaajia esiin! Ja vuosi 2022 on ollut t\u00e4hyily\u00e4 tulevaan. Se on ollut unelmien per\u00e4\u00e4n pinkomista, yritystoiminnan alkumetreill\u00e4 tarvittavien tietoja ja taitojen kartuttamista ja buustattu rohkeutta el\u00e4\u00e4 omann\u00e4k\u00f6ist\u00e4 el\u00e4m\u00e4\u00e4.<\/p>\n<p>N\u00e4iss\u00e4 podeissa p\u00e4\u00e4set siis tutustumaan upeaan joukkoon taitavia tekij\u00f6it\u00e4, syvent\u00e4m\u00e4\u00e4n itsetuntemustasi ja kenties rohkaistumaan omann\u00e4k\u00f6isen el\u00e4m\u00e4si kulkijana!<\/p>\n<p>T\u00e4ss\u00e4 muutamia poimintoja:<\/p>\n<p><a href=\"https:\/\/soundcloud.com\/user-390648981\/jakso-5-yrittajyys-vieraana-futuristi-ja-visionaari-perttu-polonen\" target=\"_blank\" rel=\"noopener\">Vieraana Perttu P\u00f6l\u00f6nen ja aiheena yritt\u00e4jyys<\/a><\/p>\n<p><a href=\"https:\/\/soundcloud.com\/user-390648981\/jakso-11-stressi-ja-palautuminen-vieraana-business-coach-jooga-ja-meditaatio-opettaja-ja-kirjailija-mia-jokiniva\" target=\"_blank\" rel=\"noopener\">Vieraana Mia Jokiniva &#8211; ja aiheena stressi &amp; palautuminen<\/a><\/p>\n<p><a href=\"https:\/\/soundcloud.com\/user-390648981\/jakso-14-brandays-vieraana-yrittaja-valokuvaajamestari-tiina-haring\" target=\"_blank\" rel=\"noopener\">Vieraana Tiina Haring ja aiheena br\u00e4nd\u00e4ys &amp; hinnoittelu<\/a><\/p>\n<p><a href=\"https:\/\/soundcloud.com\/user-390648981\/jakso-25-huijarisyndrooma-uupumus-vieraana-palkittu-rekrytoija-petteri-tuomimaa\" target=\"_blank\" rel=\"noopener\">Vieraana Petteri Tuomimaa ja aiheena huijarisyndrooma &amp; uupumus<\/a><\/p>\n<p><a href=\"https:\/\/soundcloud.com\/user-390648981\/jakso-30-mielen-voima-vieraana-mentalisti-valmentaja-jenni-sofia\" target=\"_blank\" rel=\"noopener\">Vieraana Jenni-Sofia ja aiheena mielen voima<\/a><\/p>\n<p><a href=\"https:\/\/soundcloud.com\/user-390648981\/jakso-41-puhetta-motivaatiosta-osa-1-vieraana-valmentaja-shani-livson\" target=\"_blank\" rel=\"noopener\">Vieraana Shani Livson ja aiheena motivaatio<\/a><\/p>\n<p><a href=\"https:\/\/soundcloud.com\/user-390648981\/jakso-42-sisainen-puhe-vieraana-tyoelamavalmentaja-muusikko-yrittaja-sanna-salovuori\" target=\"_blank\" rel=\"noopener\">Vieraana Sanna Salovuori ja aiheena sis\u00e4inen puhe<\/a><\/p>\n<p><a href=\"https:\/\/soundcloud.com\/user-390648981\/jakso-53-nakyvaksi-tulemisen-hapea-osa-1-vieraana-valmentaja-kaisa-peltola\" target=\"_blank\" rel=\"noopener\">Vieraana Kaisa Peltola ja aiheena n\u00e4kyv\u00e4ksi tulemisen h\u00e4pe\u00e4<\/a><\/p>\n<p><a href=\"https:\/\/soundcloud.com\/user-390648981\/jakso-55-menestyminen-vieraana-insinoori-kirjailija-valmentaja-johanna-huhtamaki\" target=\"_blank\" rel=\"noopener\">Vieraana Johanna Huhtam\u00e4ki ja aiheena menestys<\/a><\/p>\n<p>&nbsp;<\/p>\n<p>Kaikki t\u00e4h\u00e4n menness\u00e4 julkaistut jaksomme l\u00f6yd\u00e4t Soundcloudista, Spotifyst\u00e4 ja iTunesista.<\/p>\n","protected":false},"excerpt":{"rendered":"<p>Teimme &#8221;T\u00f6iss\u00e4 mielell\u00e4\u00e4n&#8221; -minipodisarjaa osana Mieliteko-hanketta yhdess\u00e4 silloisen kollegani Paula Heiskasen kanssa. Ne l\u00f6yt\u00e4\u00e4 parhaiten hankkeen omilta verkkosivuilta, mutta my\u00f6s YouTubesta ja Spotifysta nimell\u00e4 &#8221;T\u00f6iss\u00e4 mielell\u00e4\u00e4n&#8221;. Mukana on my\u00f6s muutamia ohjattuja harjoituksia, jotka hy\u00f6dynt\u00e4v\u00e4t NLP-tekniikoita ja palautumisvalmennuksen parhaita paloja. *** Em\u00e4nn\u00f6in Omapaja Podcastia vuosina 2020-2022. Vuoden 2020 aikana k\u00e4sittelimme tulevaisuuden ty\u00f6el\u00e4m\u00e4taitoja liittyen mm. palautumiseen, ty\u00f6hakuun ja yritt\u00e4jyyteen. Vuonna 2021 k\u00e4\u00e4nsimme katseemme erityisesti itsens\u00e4johtamisen taitoihin, kevytyritt\u00e4jyyteen, menestyksen avaimiin ja nostamme entist\u00e4 enemm\u00e4n erilaisia osaajia esiin! Ja vuosi 2022 on ollut t\u00e4hyily\u00e4 tulevaan. Se on ollut unelmien per\u00e4\u00e4n pinkomista, yritystoiminnan alkumetreill\u00e4 tarvittavien tietoja ja taitojen kartuttamista ja buustattu rohkeutta el\u00e4\u00e4 omann\u00e4k\u00f6ist\u00e4 el\u00e4m\u00e4\u00e4. N\u00e4iss\u00e4 podeissa p\u00e4\u00e4set siis tutustumaan upeaan joukkoon taitavia tekij\u00f6it\u00e4, syvent\u00e4m\u00e4\u00e4n itsetuntemustasi ja kenties rohkaistumaan omann\u00e4k\u00f6isen el\u00e4m\u00e4si kulkijana! T\u00e4ss\u00e4 muutamia poimintoja: Vieraana Perttu P\u00f6l\u00f6nen ja aiheena yritt\u00e4jyys Vieraana Mia Jokiniva &#8211; ja aiheena stressi &amp; palautuminen Vieraana Tiina Haring ja aiheena br\u00e4nd\u00e4ys &amp; hinnoittelu Vieraana Petteri Tuomimaa ja aiheena huijarisyndrooma &amp; uupumus Vieraana Jenni-Sofia ja aiheena mielen voima Vieraana Shani Livson ja aiheena motivaatio Vieraana Sanna Salovuori ja aiheena sis\u00e4inen puhe Vieraana Kaisa Peltola ja aiheena n\u00e4kyv\u00e4ksi tulemisen h\u00e4pe\u00e4 Vieraana Johanna Huhtam\u00e4ki ja aiheena menestys &nbsp; Kaikki t\u00e4h\u00e4n menness\u00e4 julkaistut jaksomme l\u00f6yd\u00e4t Soundcloudista, Spotifyst\u00e4 ja iTunesista.<\/p>\n","protected":false},"author":3,"featured_media":257,"parent":0,"menu_order":0,"comment_status":"closed","ping_status":"closed","template":"","meta":{"footnotes":""},"class_list":["post-256","page","type-page","status-publish","has-post-thumbnail","hentry"],"_links":{"self":[{"href":"https:\/\/piakoponen.fi\/index.php?rest_route=\/wp\/v2\/pages\/256"}],"collection":[{"href":"https:\/\/piakoponen.fi\/index.php?rest_route=\/wp\/v2\/pages"}],"about":[{"href":"https:\/\/piakoponen.fi\/index.php?rest_route=\/wp\/v2\/types\/page"}],"author":[{"embeddable":true,"href":"https:\/\/piakoponen.fi\/index.php?rest_route=\/wp\/v2\/users\/3"}],"replies":[{"embeddable":true,"href":"https:\/\/piakoponen.fi\/index.php?rest_route=%2Fwp%2Fv2%2Fcomments&post=256"}],"version-history":[{"count":7,"href":"https:\/\/piakoponen.fi\/index.php?rest_route=\/wp\/v2\/pages\/256\/revisions"}],"predecessor-version":[{"id":566,"href":"https:\/\/piakoponen.fi\/index.php?rest_route=\/wp\/v2\/pages\/256\/revisions\/566"}],"wp:featuredmedia":[{"embeddable":true,"href":"https:\/\/piakoponen.fi\/index.php?rest_route=\/wp\/v2\/media\/257"}],"wp:attachment":[{"href":"https:\/\/piakoponen.fi\/index.php?rest_route=%2Fwp%2Fv2%2Fmedia&parent=256"}],"curies":[{"name":"wp","href":"https:\/\/api.w.org\/{rel}","templated":true}]}}